{"id":3274,"date":"2021-07-02T22:47:29","date_gmt":"2021-07-02T22:47:29","guid":{"rendered":"https:\/\/offchain.social\/sobre\/"},"modified":"2021-10-03T22:29:35","modified_gmt":"2021-10-03T22:29:35","slug":"sobre","status":"publish","type":"page","link":"https:\/\/offchain.social\/pt-br\/sobre\/","title":{"rendered":"Sobre"},"content":{"rendered":"\n<p>Offchain \u00e9 uma comunidade global para entusiastas de blockchain e criptomoedas iniciada em 2017. A Crypto Drinks d\u00e1 as boas vindas a uma ampla gama de pessoas com ideias semelhantes. De desenvolvedores de blockchain a cripto venture capital, mineradores, traders quantitativos e pessoas que possuem apenas um pouco de bitcoin. Damos as boas-vindas a todos que t\u00eam interesse em blockchain e criptografia. O objetivo da Offchain \u00e9 ter uma base de reuni\u00f5es sociais regulares, sem e com eventos na presen\u00e7a de palestrantes.<\/p>\n\n<p>Se voc\u00ea gostaria de participar de nossa rede social na cidade que vive, pode se conectar com os seguintes contatos:<\/p>\n\n<p>Grupo Telegram Global: https:\/\/t.me\/offchainglobal<\/p>\n\n<p>Bali: +62 813-3941-8861 (telegram)<br\/>Beijing: fatbuddha001 (WeChat)<br\/>Chengdu: bw18144364283 (WeChat)<br\/>Guangzhou: violinvivaldi (WeChat)<br\/>Hangzhou: ShawnLin13 (WeChat)<br\/>Hong Kong: +85296185012 (WhatsApp)<br\/>Kunming: JimBo9 (WeChat)<br\/>Maui: @andrewaker (telegram)<br\/>Shanghai: shahinadelnz (WeChat)<br\/>Singapore: +6587981433<br\/>Shenzhen: hakimhakimhakim (WeChat)<br\/>Suzhou: ak5-369 (WeChat)<br\/>Xiamen: dzimji (WeChat)<\/p>\n\n<p>WeChat Topic Groups:<\/p>\n\n<p>NFTs and Gaming (WeChat: hakimhakimhakim)<br\/>Eth (WeChat: richadg)<br\/>Solana (WeChat: brice_m)<br\/>Defi (WeChat: shahinadelnz)<br\/>Polygon (WeChat: shahinadelnz)<\/p>\n\n<p>Para qualquer d\u00favida e esclarecimentos, entre em contato no e-mail: <a href=\"mailto:contact@cryptodrinks.com\">contact@offchain.social<\/a><\/p>\n","protected":false},"excerpt":{"rendered":"<p>Offchain \u00e9 uma comunidade global para entusiastas de blockchain e criptomoedas iniciada em 2017. A Crypto Drinks d\u00e1 as boas vindas a uma ampla gama de pessoas com ideias semelhantes. De desenvolvedores de blockchain a cripto venture capital, mineradores, traders quantitativos e pessoas que possuem apenas um pouco de bitcoin. Damos as boas-vindas a todos &#8230; <a title=\"Sobre\" class=\"read-more\" href=\"https:\/\/offchain.social\/pt-br\/sobre\/\" aria-label=\"More on Sobre\">Ler mais<\/a><\/p>\n","protected":false},"author":1,"featured_media":0,"parent":0,"menu_order":0,"comment_status":"closed","ping_status":"closed","template":"","meta":{"inline_featured_image":false,"footnotes":""},"class_list":["post-3274","page","type-page","status-publish"],"yoast_head":"<!-- This site is optimized with the Yoast SEO plugin v26.3 - https:\/\/yoast.com\/wordpress\/plugins\/seo\/ -->\n<title>Sobre - OffChain Community<\/title>\n<meta name=\"robots\" content=\"index, follow, max-snippet:-1, max-image-preview:large, max-video-preview:-1\" \/>\n<link rel=\"canonical\" href=\"https:\/\/offchain.social\/pt-br\/sobre\/\" \/>\n<meta property=\"og:locale\" content=\"pt_BR\" \/>\n<meta property=\"og:type\" content=\"article\" \/>\n<meta property=\"og:title\" content=\"Sobre - OffChain Community\" \/>\n<meta property=\"og:description\" content=\"Offchain \u00e9 uma comunidade global para entusiastas de blockchain e criptomoedas iniciada em 2017. A Crypto Drinks d\u00e1 as boas vindas a uma ampla gama de pessoas com ideias semelhantes. De desenvolvedores de blockchain a cripto venture capital, mineradores, traders quantitativos e pessoas que possuem apenas um pouco de bitcoin. Damos as boas-vindas a todos ... Ler mais\" \/>\n<meta property=\"og:url\" content=\"https:\/\/offchain.social\/pt-br\/sobre\/\" \/>\n<meta property=\"og:site_name\" content=\"OffChain Community\" \/>\n<meta property=\"article:modified_time\" content=\"2021-10-03T22:29:35+00:00\" \/>\n<meta name=\"twitter:card\" content=\"summary_large_image\" \/>\n<meta name=\"twitter:label1\" content=\"Est. tempo de leitura\" \/>\n\t<meta name=\"twitter:data1\" content=\"1 minuto\" \/>\n<script type=\"application\/ld+json\" class=\"yoast-schema-graph\">{\"@context\":\"https:\/\/schema.org\",\"@graph\":[{\"@type\":\"WebPage\",\"@id\":\"https:\/\/offchain.social\/pt-br\/sobre\/\",\"url\":\"https:\/\/offchain.social\/pt-br\/sobre\/\",\"name\":\"Sobre - OffChain Community\",\"isPartOf\":{\"@id\":\"https:\/\/offchain.social\/pt-br\/#website\"},\"datePublished\":\"2021-07-02T22:47:29+00:00\",\"dateModified\":\"2021-10-03T22:29:35+00:00\",\"breadcrumb\":{\"@id\":\"https:\/\/offchain.social\/pt-br\/sobre\/#breadcrumb\"},\"inLanguage\":\"pt-BR\",\"potentialAction\":[{\"@type\":\"ReadAction\",\"target\":[\"https:\/\/offchain.social\/pt-br\/sobre\/\"]}]},{\"@type\":\"BreadcrumbList\",\"@id\":\"https:\/\/offchain.social\/pt-br\/sobre\/#breadcrumb\",\"itemListElement\":[{\"@type\":\"ListItem\",\"position\":1,\"name\":\"Home\",\"item\":\"https:\/\/offchain.social\/pt-br\/\"},{\"@type\":\"ListItem\",\"position\":2,\"name\":\"Sobre\"}]},{\"@type\":\"WebSite\",\"@id\":\"https:\/\/offchain.social\/pt-br\/#website\",\"url\":\"https:\/\/offchain.social\/pt-br\/\",\"name\":\"OffChain Community\",\"description\":\"A place to go Off Chain and talk about web3\",\"publisher\":{\"@id\":\"https:\/\/offchain.social\/pt-br\/#organization\"},\"potentialAction\":[{\"@type\":\"SearchAction\",\"target\":{\"@type\":\"EntryPoint\",\"urlTemplate\":\"https:\/\/offchain.social\/pt-br\/?s={search_term_string}\"},\"query-input\":{\"@type\":\"PropertyValueSpecification\",\"valueRequired\":true,\"valueName\":\"search_term_string\"}}],\"inLanguage\":\"pt-BR\"},{\"@type\":\"Organization\",\"@id\":\"https:\/\/offchain.social\/pt-br\/#organization\",\"name\":\"OffChain Community\",\"url\":\"https:\/\/offchain.social\/pt-br\/\",\"logo\":{\"@type\":\"ImageObject\",\"inLanguage\":\"pt-BR\",\"@id\":\"https:\/\/offchain.social\/pt-br\/#\/schema\/logo\/image\/\",\"url\":\"https:\/\/offchain.social\/wp-content\/uploads\/2023\/10\/cropped-Offchain-Logo-WHITE.png\",\"contentUrl\":\"https:\/\/offchain.social\/wp-content\/uploads\/2023\/10\/cropped-Offchain-Logo-WHITE.png\",\"width\":9316,\"height\":1550,\"caption\":\"OffChain Community\"},\"image\":{\"@id\":\"https:\/\/offchain.social\/pt-br\/#\/schema\/logo\/image\/\"}}]}<\/script>\n<!-- \/ Yoast SEO plugin. -->","yoast_head_json":{"title":"Sobre - OffChain Community","robots":{"index":"index","follow":"follow","max-snippet":"max-snippet:-1","max-image-preview":"max-image-preview:large","max-video-preview":"max-video-preview:-1"},"canonical":"https:\/\/offchain.social\/pt-br\/sobre\/","og_locale":"pt_BR","og_type":"article","og_title":"Sobre - OffChain Community","og_description":"Offchain \u00e9 uma comunidade global para entusiastas de blockchain e criptomoedas iniciada em 2017. A Crypto Drinks d\u00e1 as boas vindas a uma ampla gama de pessoas com ideias semelhantes. De desenvolvedores de blockchain a cripto venture capital, mineradores, traders quantitativos e pessoas que possuem apenas um pouco de bitcoin. Damos as boas-vindas a todos ... Ler mais","og_url":"https:\/\/offchain.social\/pt-br\/sobre\/","og_site_name":"OffChain Community","article_modified_time":"2021-10-03T22:29:35+00:00","twitter_card":"summary_large_image","twitter_misc":{"Est. tempo de leitura":"1 minuto"},"schema":{"@context":"https:\/\/schema.org","@graph":[{"@type":"WebPage","@id":"https:\/\/offchain.social\/pt-br\/sobre\/","url":"https:\/\/offchain.social\/pt-br\/sobre\/","name":"Sobre - OffChain Community","isPartOf":{"@id":"https:\/\/offchain.social\/pt-br\/#website"},"datePublished":"2021-07-02T22:47:29+00:00","dateModified":"2021-10-03T22:29:35+00:00","breadcrumb":{"@id":"https:\/\/offchain.social\/pt-br\/sobre\/#breadcrumb"},"inLanguage":"pt-BR","potentialAction":[{"@type":"ReadAction","target":["https:\/\/offchain.social\/pt-br\/sobre\/"]}]},{"@type":"BreadcrumbList","@id":"https:\/\/offchain.social\/pt-br\/sobre\/#breadcrumb","itemListElement":[{"@type":"ListItem","position":1,"name":"Home","item":"https:\/\/offchain.social\/pt-br\/"},{"@type":"ListItem","position":2,"name":"Sobre"}]},{"@type":"WebSite","@id":"https:\/\/offchain.social\/pt-br\/#website","url":"https:\/\/offchain.social\/pt-br\/","name":"OffChain Community","description":"A place to go Off Chain and talk about web3","publisher":{"@id":"https:\/\/offchain.social\/pt-br\/#organization"},"potentialAction":[{"@type":"SearchAction","target":{"@type":"EntryPoint","urlTemplate":"https:\/\/offchain.social\/pt-br\/?s={search_term_string}"},"query-input":{"@type":"PropertyValueSpecification","valueRequired":true,"valueName":"search_term_string"}}],"inLanguage":"pt-BR"},{"@type":"Organization","@id":"https:\/\/offchain.social\/pt-br\/#organization","name":"OffChain Community","url":"https:\/\/offchain.social\/pt-br\/","logo":{"@type":"ImageObject","inLanguage":"pt-BR","@id":"https:\/\/offchain.social\/pt-br\/#\/schema\/logo\/image\/","url":"https:\/\/offchain.social\/wp-content\/uploads\/2023\/10\/cropped-Offchain-Logo-WHITE.png","contentUrl":"https:\/\/offchain.social\/wp-content\/uploads\/2023\/10\/cropped-Offchain-Logo-WHITE.png","width":9316,"height":1550,"caption":"OffChain Community"},"image":{"@id":"https:\/\/offchain.social\/pt-br\/#\/schema\/logo\/image\/"}}]}},"_links":{"self":[{"href":"https:\/\/offchain.social\/pt-br\/wp-json\/wp\/v2\/pages\/3274","targetHints":{"allow":["GET"]}}],"collection":[{"href":"https:\/\/offchain.social\/pt-br\/wp-json\/wp\/v2\/pages"}],"about":[{"href":"https:\/\/offchain.social\/pt-br\/wp-json\/wp\/v2\/types\/page"}],"author":[{"embeddable":true,"href":"https:\/\/offchain.social\/pt-br\/wp-json\/wp\/v2\/users\/1"}],"replies":[{"embeddable":true,"href":"https:\/\/offchain.social\/pt-br\/wp-json\/wp\/v2\/comments?post=3274"}],"version-history":[{"count":3,"href":"https:\/\/offchain.social\/pt-br\/wp-json\/wp\/v2\/pages\/3274\/revisions"}],"predecessor-version":[{"id":3279,"href":"https:\/\/offchain.social\/pt-br\/wp-json\/wp\/v2\/pages\/3274\/revisions\/3279"}],"wp:attachment":[{"href":"https:\/\/offchain.social\/pt-br\/wp-json\/wp\/v2\/media?parent=3274"}],"curies":[{"name":"wp","href":"https:\/\/api.w.org\/{rel}","templated":true}]}}