{"id":3284,"date":"2021-06-29T10:53:26","date_gmt":"2021-06-29T10:53:26","guid":{"rendered":"https:\/\/offchain.social\/home\/"},"modified":"2021-10-03T22:27:29","modified_gmt":"2021-10-03T22:27:29","slug":"home","status":"publish","type":"page","link":"https:\/\/offchain.social\/pt-br\/","title":{"rendered":"Home"},"content":{"rendered":"<section class=\"gb-container gb-container-91d0d9ad\"><div class=\"gb-inside-container\">\n<div class=\"gb-grid-wrapper gb-grid-wrapper-8ac5c98a\">\n<div class=\"gb-grid-column gb-grid-column-adb69f24\"><div class=\"gb-container gb-container-adb69f24\"><div class=\"gb-inside-container\">\n\n<p>Offchain \u00e9 uma comunidade global para entusiastas de blockchain antigos e novos para discutir as \u00faltimas novidades e encontrar pessoas com interesse semelhantes. A Crypto Drinks d\u00e1 as boas vindas a uma ampla gama de pessoas com ideias semelhantes. De desenvolvedores de blockchain a cripto venture capital, mineradores, traders quantitativos e pessoas que possuem apenas um pouco de bitcoin ou quer aprender sobre.<\/p>\n\n\n\n<p>O pessoal da ind\u00fastria de blockchain est\u00e1 conectado \u00e0 rede 24 horas por dia, 7 dias por semana e est\u00e1 procurando uma desculpa para se desconectar de vez em quando para socializar. \u00c0 medida que o mundo se torna cada vez mais integrado, vemos como a oportunidade perfeita para o evento da Offchain para encontrar outras pessoas apaixonadas pela blockchain e educar os rec\u00e9m-chegados.<\/p>\n\n\n\n<p>Os eventos da Offchain s\u00e3o para socializar e aprender uns com os outros, para que possamos ficar atualizados com as \u00faltimas not\u00edcias e desenvolvimentos no espa\u00e7o da blockchain. Os encontros da Offchain s\u00e3o para socializar e aprender uns com os outros, para que possamos ficar atualizados com as \u00faltimas not\u00edcias e desenvolvimentos no espa\u00e7o da blockchain.<\/p>\n\n\n\n<p>Tamb\u00e9m \u00e9 uma grande oportunidade para aqueles que s\u00e3o novos no espa\u00e7o da blockchain aprender com os antigos, pois podem captur\u00e1-los durante o tempo de inatividade.<\/p>\n\n\n\n<p>OffChain foi iniciado em 2017 com a vis\u00e3o de unir as pessoas para se conectar em um n\u00edvel humano. O objetivo da Offchain \u00e9 ter uma base de reuni\u00f5es sociais regulares, sem e com eventos na presen\u00e7a de palestrantes.<\/p>\n\n\n\n<p>Para qualquer d\u00favida e esclarecimentos, entre em contato no e-mail: info@offchain.social<\/p>\n\n\n\n<p>Grupo Telegram Global: https:\/\/t.me\/offchainglobal<\/p>\n\n\n\n<p>Se voc\u00ea tiver interesse de participar de nosso grupo de whatsapp, WeChat ou Telegram da cidade em que vive ou de um dos grupos de t\u00f3picos como NFTs, Solana, Memes, Airdrops, Polygon, Solana, Avalanche, Luna etc, nos contate no: info@offchain.social<\/p>\n\n<\/div><\/div><\/div>\n\n<div class=\"gb-grid-column gb-grid-column-e5fb65a4\"><div class=\"gb-container gb-container-e5fb65a4\"><div class=\"gb-inside-container\">\n\n<figure class=\"wp-block-image size-large\"><img loading=\"lazy\" decoding=\"async\" width=\"1024\" height=\"683\" src=\"https:\/\/offchain.social\/wp-content\/uploads\/2021\/07\/19-1024x683.jpg\" alt=\"\" class=\"wp-image-3289\" srcset=\"https:\/\/offchain.social\/wp-content\/uploads\/2021\/07\/19-1024x683.jpg 1024w, https:\/\/offchain.social\/wp-content\/uploads\/2021\/07\/19-300x200.jpg 300w, https:\/\/offchain.social\/wp-content\/uploads\/2021\/07\/19-768x512.jpg 768w, https:\/\/offchain.social\/wp-content\/uploads\/2021\/07\/19-1536x1024.jpg 1536w, https:\/\/offchain.social\/wp-content\/uploads\/2021\/07\/19-2048x1365.jpg 2048w\" sizes=\"auto, (max-width: 1024px) 100vw, 1024px\" \/><\/figure>\n\n<\/div><\/div><\/div>\n<\/div>\n<\/div><\/section><section class=\"gb-container gb-container-10a09bb1\"><div class=\"gb-inside-container\">\n<div class=\"gb-grid-wrapper gb-grid-wrapper-ed0e5d29\">\n<div class=\"gb-grid-column gb-grid-column-fb2c6c15\"><div class=\"gb-container gb-container-fb2c6c15\"><div class=\"gb-inside-container\">\n\n<h2 class=\"gb-headline gb-headline-a9345e2b gb-headline-text\">Pr\u00f3ximos eventos<\/h2>\n\n\n<div class=\"upcoming-events\">\n                Currently no events are scheduled.    <\/div>\n\n\n<div class=\"gb-button-wrapper gb-button-wrapper-e8ff272d\">\n\n<a class=\"gb-button gb-button-6e87a785 gb-button-text\" href=\"\/events\">Visualizar todos os eventos<\/a>\n\n<\/div>\n<\/div><\/div><\/div>\n\n<div class=\"gb-grid-column gb-grid-column-2ce0bab7\"><div class=\"gb-container gb-container-2ce0bab7\"><div class=\"gb-inside-container\">\n\n<h2 class=\"gb-headline gb-headline-a80c59e4 gb-headline-text\">Eventos Passados<\/h2>\n\n\n<div class=\"upcoming-events\">\n                <ul>\n                    <li>\n                <a href=\"https:\/\/offchain.social\/pt-br\/events\/september-29-2025-tokyo\/\">\n                    September 29, 2025 \/ Tokyo \/ GOLDEN EGG                <\/a>\n            <\/li>\n                    <li>\n                <a href=\"https:\/\/offchain.social\/pt-br\/events\/september-24-2025-luxembourg\/\">\n                    September 24, 2025 \/ Luxembourg \/ Le Croque Bedaine Luxembourg                <\/a>\n            <\/li>\n                    <li>\n                <a href=\"https:\/\/offchain.social\/pt-br\/events\/september-19-2025-beijing\/\">\n                    September 19, 2025 \/ Beijing \/ The Local                <\/a>\n            <\/li>\n                    <li>\n                <a href=\"https:\/\/offchain.social\/pt-br\/events\/september-17-2025-abu-dhabi\/\">\n                    September 17, 2025 \/ Abu Dhabi \/ Coffee Architecture                <\/a>\n            <\/li>\n                    <li>\n                <a href=\"https:\/\/offchain.social\/pt-br\/events\/september-15-2025-kuala-lumpur\/\">\n                    September 15, 2025 \/ Kuala Lumpur \/ Nasi Lemak Burung Hantu                <\/a>\n            <\/li>\n                <\/ul>\n    <\/div>\n\n<\/div><\/div><\/div>\n<\/div>\n<\/div><div class=\"gb-shapes\"><div class=\"gb-shape gb-shape-1\"><svg xmlns=\"http:\/\/www.w3.org\/2000\/svg\" viewBox=\"0 0 1200 360\" preserveAspectRatio=\"none\"><path d=\"M1200 360H0V0l1200 348z\"\/><\/svg><\/div><\/div><\/section>\n<p><\/p>\n","protected":false},"excerpt":{"rendered":"","protected":false},"author":1,"featured_media":3287,"parent":0,"menu_order":0,"comment_status":"closed","ping_status":"closed","template":"","meta":{"inline_featured_image":false,"footnotes":""},"class_list":["post-3284","page","type-page","status-publish","has-post-thumbnail"],"yoast_head":"<!-- This site is optimized with the Yoast SEO plugin v26.1.1 - https:\/\/yoast.com\/wordpress\/plugins\/seo\/ -->\n<title>Home - OffChain Community<\/title>\n<meta name=\"robots\" content=\"index, follow, max-snippet:-1, max-image-preview:large, max-video-preview:-1\" \/>\n<link rel=\"canonical\" href=\"https:\/\/offchain.social\/pt-br\/\" \/>\n<meta property=\"og:locale\" content=\"pt_BR\" \/>\n<meta property=\"og:type\" content=\"article\" \/>\n<meta property=\"og:title\" content=\"Home - OffChain Community\" \/>\n<meta property=\"og:url\" content=\"https:\/\/offchain.social\/pt-br\/\" \/>\n<meta property=\"og:site_name\" content=\"OffChain Community\" \/>\n<meta property=\"article:modified_time\" content=\"2021-10-03T22:27:29+00:00\" \/>\n<meta property=\"og:image\" content=\"https:\/\/offchain.social\/wp-content\/uploads\/2021\/06\/mmexport1624963093160.jpg\" \/>\n\t<meta property=\"og:image:width\" content=\"1440\" \/>\n\t<meta property=\"og:image:height\" content=\"1080\" \/>\n\t<meta property=\"og:image:type\" content=\"image\/jpeg\" \/>\n<meta name=\"twitter:card\" content=\"summary_large_image\" \/>\n<meta name=\"twitter:label1\" content=\"Est. tempo de leitura\" \/>\n\t<meta name=\"twitter:data1\" content=\"2 minutos\" \/>\n<script type=\"application\/ld+json\" class=\"yoast-schema-graph\">{\"@context\":\"https:\/\/schema.org\",\"@graph\":[{\"@type\":\"WebPage\",\"@id\":\"https:\/\/offchain.social\/pt-br\/\",\"url\":\"https:\/\/offchain.social\/pt-br\/\",\"name\":\"Home - OffChain Community\",\"isPartOf\":{\"@id\":\"https:\/\/offchain.social\/pt-br\/#website\"},\"primaryImageOfPage\":{\"@id\":\"https:\/\/offchain.social\/pt-br\/#primaryimage\"},\"image\":{\"@id\":\"https:\/\/offchain.social\/pt-br\/#primaryimage\"},\"thumbnailUrl\":\"https:\/\/offchain.social\/wp-content\/uploads\/2021\/06\/mmexport1624963093160.jpg\",\"datePublished\":\"2021-06-29T10:53:26+00:00\",\"dateModified\":\"2021-10-03T22:27:29+00:00\",\"breadcrumb\":{\"@id\":\"https:\/\/offchain.social\/pt-br\/#breadcrumb\"},\"inLanguage\":\"pt-BR\",\"potentialAction\":[{\"@type\":\"ReadAction\",\"target\":[\"https:\/\/offchain.social\/pt-br\/\"]}]},{\"@type\":\"ImageObject\",\"inLanguage\":\"pt-BR\",\"@id\":\"https:\/\/offchain.social\/pt-br\/#primaryimage\",\"url\":\"https:\/\/offchain.social\/wp-content\/uploads\/2021\/06\/mmexport1624963093160.jpg\",\"contentUrl\":\"https:\/\/offchain.social\/wp-content\/uploads\/2021\/06\/mmexport1624963093160.jpg\",\"width\":1440,\"height\":1080},{\"@type\":\"BreadcrumbList\",\"@id\":\"https:\/\/offchain.social\/pt-br\/#breadcrumb\",\"itemListElement\":[{\"@type\":\"ListItem\",\"position\":1,\"name\":\"Home\",\"item\":\"https:\/\/offchain.social\/pt-br\/\"},{\"@type\":\"ListItem\",\"position\":2,\"name\":\"Home\"}]},{\"@type\":\"WebSite\",\"@id\":\"https:\/\/offchain.social\/pt-br\/#website\",\"url\":\"https:\/\/offchain.social\/pt-br\/\",\"name\":\"OffChain Community\",\"description\":\"A place to go Off Chain and talk about web3\",\"publisher\":{\"@id\":\"https:\/\/offchain.social\/pt-br\/#organization\"},\"potentialAction\":[{\"@type\":\"SearchAction\",\"target\":{\"@type\":\"EntryPoint\",\"urlTemplate\":\"https:\/\/offchain.social\/pt-br\/?s={search_term_string}\"},\"query-input\":{\"@type\":\"PropertyValueSpecification\",\"valueRequired\":true,\"valueName\":\"search_term_string\"}}],\"inLanguage\":\"pt-BR\"},{\"@type\":\"Organization\",\"@id\":\"https:\/\/offchain.social\/pt-br\/#organization\",\"name\":\"OffChain Community\",\"url\":\"https:\/\/offchain.social\/pt-br\/\",\"logo\":{\"@type\":\"ImageObject\",\"inLanguage\":\"pt-BR\",\"@id\":\"https:\/\/offchain.social\/pt-br\/#\/schema\/logo\/image\/\",\"url\":\"https:\/\/offchain.social\/wp-content\/uploads\/2023\/10\/cropped-Offchain-Logo-WHITE.png\",\"contentUrl\":\"https:\/\/offchain.social\/wp-content\/uploads\/2023\/10\/cropped-Offchain-Logo-WHITE.png\",\"width\":9316,\"height\":1550,\"caption\":\"OffChain Community\"},\"image\":{\"@id\":\"https:\/\/offchain.social\/pt-br\/#\/schema\/logo\/image\/\"}}]}<\/script>\n<!-- \/ Yoast SEO plugin. -->","yoast_head_json":{"title":"Home - OffChain Community","robots":{"index":"index","follow":"follow","max-snippet":"max-snippet:-1","max-image-preview":"max-image-preview:large","max-video-preview":"max-video-preview:-1"},"canonical":"https:\/\/offchain.social\/pt-br\/","og_locale":"pt_BR","og_type":"article","og_title":"Home - OffChain Community","og_url":"https:\/\/offchain.social\/pt-br\/","og_site_name":"OffChain Community","article_modified_time":"2021-10-03T22:27:29+00:00","og_image":[{"width":1440,"height":1080,"url":"https:\/\/offchain.social\/wp-content\/uploads\/2021\/06\/mmexport1624963093160.jpg","type":"image\/jpeg"}],"twitter_card":"summary_large_image","twitter_misc":{"Est. tempo de leitura":"2 minutos"},"schema":{"@context":"https:\/\/schema.org","@graph":[{"@type":"WebPage","@id":"https:\/\/offchain.social\/pt-br\/","url":"https:\/\/offchain.social\/pt-br\/","name":"Home - OffChain Community","isPartOf":{"@id":"https:\/\/offchain.social\/pt-br\/#website"},"primaryImageOfPage":{"@id":"https:\/\/offchain.social\/pt-br\/#primaryimage"},"image":{"@id":"https:\/\/offchain.social\/pt-br\/#primaryimage"},"thumbnailUrl":"https:\/\/offchain.social\/wp-content\/uploads\/2021\/06\/mmexport1624963093160.jpg","datePublished":"2021-06-29T10:53:26+00:00","dateModified":"2021-10-03T22:27:29+00:00","breadcrumb":{"@id":"https:\/\/offchain.social\/pt-br\/#breadcrumb"},"inLanguage":"pt-BR","potentialAction":[{"@type":"ReadAction","target":["https:\/\/offchain.social\/pt-br\/"]}]},{"@type":"ImageObject","inLanguage":"pt-BR","@id":"https:\/\/offchain.social\/pt-br\/#primaryimage","url":"https:\/\/offchain.social\/wp-content\/uploads\/2021\/06\/mmexport1624963093160.jpg","contentUrl":"https:\/\/offchain.social\/wp-content\/uploads\/2021\/06\/mmexport1624963093160.jpg","width":1440,"height":1080},{"@type":"BreadcrumbList","@id":"https:\/\/offchain.social\/pt-br\/#breadcrumb","itemListElement":[{"@type":"ListItem","position":1,"name":"Home","item":"https:\/\/offchain.social\/pt-br\/"},{"@type":"ListItem","position":2,"name":"Home"}]},{"@type":"WebSite","@id":"https:\/\/offchain.social\/pt-br\/#website","url":"https:\/\/offchain.social\/pt-br\/","name":"OffChain Community","description":"A place to go Off Chain and talk about web3","publisher":{"@id":"https:\/\/offchain.social\/pt-br\/#organization"},"potentialAction":[{"@type":"SearchAction","target":{"@type":"EntryPoint","urlTemplate":"https:\/\/offchain.social\/pt-br\/?s={search_term_string}"},"query-input":{"@type":"PropertyValueSpecification","valueRequired":true,"valueName":"search_term_string"}}],"inLanguage":"pt-BR"},{"@type":"Organization","@id":"https:\/\/offchain.social\/pt-br\/#organization","name":"OffChain Community","url":"https:\/\/offchain.social\/pt-br\/","logo":{"@type":"ImageObject","inLanguage":"pt-BR","@id":"https:\/\/offchain.social\/pt-br\/#\/schema\/logo\/image\/","url":"https:\/\/offchain.social\/wp-content\/uploads\/2023\/10\/cropped-Offchain-Logo-WHITE.png","contentUrl":"https:\/\/offchain.social\/wp-content\/uploads\/2023\/10\/cropped-Offchain-Logo-WHITE.png","width":9316,"height":1550,"caption":"OffChain Community"},"image":{"@id":"https:\/\/offchain.social\/pt-br\/#\/schema\/logo\/image\/"}}]}},"_links":{"self":[{"href":"https:\/\/offchain.social\/pt-br\/wp-json\/wp\/v2\/pages\/3284","targetHints":{"allow":["GET"]}}],"collection":[{"href":"https:\/\/offchain.social\/pt-br\/wp-json\/wp\/v2\/pages"}],"about":[{"href":"https:\/\/offchain.social\/pt-br\/wp-json\/wp\/v2\/types\/page"}],"author":[{"embeddable":true,"href":"https:\/\/offchain.social\/pt-br\/wp-json\/wp\/v2\/users\/1"}],"replies":[{"embeddable":true,"href":"https:\/\/offchain.social\/pt-br\/wp-json\/wp\/v2\/comments?post=3284"}],"version-history":[{"count":3,"href":"https:\/\/offchain.social\/pt-br\/wp-json\/wp\/v2\/pages\/3284\/revisions"}],"predecessor-version":[{"id":3293,"href":"https:\/\/offchain.social\/pt-br\/wp-json\/wp\/v2\/pages\/3284\/revisions\/3293"}],"wp:featuredmedia":[{"embeddable":true,"href":"https:\/\/offchain.social\/pt-br\/wp-json\/wp\/v2\/media\/3287"}],"wp:attachment":[{"href":"https:\/\/offchain.social\/pt-br\/wp-json\/wp\/v2\/media?parent=3284"}],"curies":[{"name":"wp","href":"https:\/\/api.w.org\/{rel}","templated":true}]}}